{"id":447,"date":"2020-04-01T21:18:13","date_gmt":"2020-03-21T22:43:10","guid":{"rendered":"https:\/\/hanspeterfiechter.ch\/?page_id=447"},"modified":"2023-10-10T21:44:17","modified_gmt":"2023-10-10T19:44:17","slug":"footer-2-2-2-2-2","status":"publish","type":"page","link":"https:\/\/hanspeterfiechter.ch\/?page_id=447","title":{"rendered":"texte"},"content":{"rendered":"","protected":false},"excerpt":{"rendered":"","protected":false},"author":1,"featured_media":0,"parent":0,"menu_order":9,"comment_status":"closed","ping_status":"closed","template":"","meta":[],"class_list":["post-447","page","type-page","status-publish","hentry"],"grid":"{\r\n  \"colCount\": 30,\r\n  \"colGutter\": 1,\r\n  \"rowGutters\": [\r\n    0.2,\r\n    0.2,\r\n    0.2\r\n  ],\r\n  \"frameMargin\": 1,\r\n  \"topFrameMargin\": 0,\r\n  \"bottomFrameMargin\": 0,\r\n  \"rowAttrs\": [\r\n    {\r\n      \"bgimage\": {\r\n        \"attid\": 436,\r\n        \"url\": \"\/wp-content\/uploads\/2020\/03\/2020u25.jpg\",\r\n        \"sizes\": {\r\n          \"_1280\": {\r\n            \"w\": 1280,\r\n            \"h\": 1728,\r\n            \"url\": \"\/wp-content\/uploads\/2020\/03\/2020u25-1280x1728.jpg\"\r\n          },\r\n          \"_1024\": {\r\n            \"w\": 1024,\r\n            \"h\": 1382,\r\n            \"url\": \"\/wp-content\/uploads\/2020\/03\/2020u25-1024x1382.jpg\"\r\n          },\r\n          \"_768\": {\r\n            \"w\": 768,\r\n            \"h\": 1037,\r\n            \"url\": \"\/wp-content\/uploads\/2020\/03\/2020u25-768x1037.jpg\"\r\n          },\r\n          \"_512\": {\r\n            \"w\": 512,\r\n            \"h\": 691,\r\n            \"url\": \"\/wp-content\/uploads\/2020\/03\/2020u25-512x691.jpg\"\r\n          },\r\n          \"_265\": {\r\n            \"w\": 265,\r\n            \"h\": 358,\r\n            \"url\": \"\/wp-content\/uploads\/2020\/03\/2020u25-265x358.jpg\"\r\n          }\r\n        }\r\n      },\r\n      \"row100vh\": false,\r\n      \"rowcustomheight\": \"25px\",\r\n      \"relid\": 1\r\n    },\r\n    {\r\n      \"row100vh\": false,\r\n      \"rowcustomheight\": \"200px\",\r\n      \"relid\": 2\r\n    },\r\n    {\r\n      \"relid\": 3\r\n    },\r\n    {\r\n      \"row100vh\": true,\r\n      \"relid\": 4\r\n    }\r\n  ],\r\n  \"bgColor\": \"#ffffff\",\r\n  \"cont\": [\r\n    {\r\n      \"type\": \"elementgrid\",\r\n      \"cont\": \"\",\r\n      \"align\": \"top\",\r\n      \"row\": 2,\r\n      \"col\": 0,\r\n      \"colspan\": 30,\r\n      \"offsetx\": 0,\r\n      \"offsety\": 0,\r\n      \"spaceabove\": 0,\r\n      \"spacebelow\": 0,\r\n      \"yvel\": 1,\r\n      \"push\": 0,\r\n      \"relid\": 6,\r\n      \"config\": {\r\n        \"desktop\": {\r\n          \"colCount\": 3,\r\n          \"colGutter\": 1.5,\r\n          \"rowGutter\": 2\r\n        },\r\n        \"tablet\": {\r\n          \"colCount\": 2,\r\n          \"colGutter\": 1,\r\n          \"rowGutter\": 1\r\n        },\r\n        \"phone\": {\r\n          \"colCount\": 1,\r\n          \"colGutter\": 1,\r\n          \"rowGutter\": 1\r\n        },\r\n        \"layoutType\": \"top-aligned\",\r\n        \"elements\": [\r\n          {\r\n            \"cont\": \"<p class=\\\"_unikap\\\">\u00abEine frische Wendung nimmt die Ausstellung im Untergeschoss, wo der Bieler K\u00fcnstler Hanspeter Fiechter seine eigenartigen Aquarelle zeigt. In absolut ungew\u00f6hnlichen Bildausschnitten vermischt er resolute Gegenst\u00e4ndlichkeit mit bizarr abschweifenden, abstrakten Gesten. Ein Meister des Aquarells.\u00bb<br \/><br \/><\/p>\",\r\n            \"type\": \"text\"\r\n          },\r\n          {\r\n            \"cont\": \"<p class=\\\"_unikap\\\">\u00abDen Zeitgeist vergegenw\u00e4rtigt. - Das Werk des in Biel geborenen K\u00fcnstlers gr\u00fcndet auf der breit abgest\u00fctzten Laufbahn als Erwachsenenbildner, Lehrer, Kursleiter und Kunstp\u00e4dagoge. Seit 1989 f\u00fchrt er auch seine eigene Mal-schule. Ein Gang durch die Ausstellung offenbart Hanspeter Fiechters Vielseitigkeit. Aquarelle liessen nach eigener Sicht durch die Unz\u00e4hmbarkeit und Fl\u00fcchtigkeit des Wassers das Geahnte zur Einmaligkeit werden. Spurlos gehen diese Bilder am Betrachter nicht vor\u00fcber, weil darin im Gegenw\u00e4rtigen auch das Verg\u00e4ngliche eingebettet ist.\u00bb<br \/><br \/><\/p>\",\r\n            \"type\": \"text\"\r\n          },\r\n          {\r\n            \"cont\": \"<p class=\\\"_unikap\\\">\u00abSeit mehr als zwanzig Jahre verstehe ich die Botschaft von Hanspeter Fiechter. Anf\u00e4nglich war ich fasziniert von seiner pr\u00e4zisen Ausdrucksweise und von seinem Drang nach Perfektion. Die Kunst des Weglassens, die Beschr\u00e4nkung auf das Wesentliche sowie der Umgang mit Bewegung und Transparenz f\u00fchrten von der Schriftstellerei zur Poesie.\u00bb<br \/><br \/><\/p>\",\r\n            \"type\": \"text\"\r\n          }\r\n        ]\r\n      },\r\n      \"frameOverflow\": \"\",\r\n      \"dosync\": false,\r\n      \"absolute_position\": false\r\n    },\r\n    {\r\n      \"type\": \"elementgrid\",\r\n      \"cont\": \"\",\r\n      \"align\": \"top\",\r\n      \"row\": 3,\r\n      \"col\": 0,\r\n      \"colspan\": 30,\r\n      \"offsetx\": 0,\r\n      \"offsety\": 0,\r\n      \"spaceabove\": 0,\r\n      \"spacebelow\": 0,\r\n      \"yvel\": 1,\r\n      \"push\": 0,\r\n      \"relid\": 7,\r\n      \"config\": {\r\n        \"desktop\": {\r\n          \"colCount\": 3,\r\n          \"colGutter\": 1,\r\n          \"rowGutter\": 1\r\n        },\r\n        \"tablet\": {\r\n          \"colCount\": 2,\r\n          \"colGutter\": 1,\r\n          \"rowGutter\": 1\r\n        },\r\n        \"phone\": {\r\n          \"colCount\": 1,\r\n          \"colGutter\": 1,\r\n          \"rowGutter\": 1\r\n        },\r\n        \"layoutType\": \"masonry\",\r\n        \"elements\": [\r\n          {\r\n            \"cont\": \"<p class=\\\"_unica\\\" style=\\\"line-height: 0.9;\\\"><span style=\\\"font-size: 15px;\\\">Katja Nau <br \/><\/span><span style=\\\"font-size: 15px;\\\">(f\u00fcr die \u00abGalerie bei der Kathedrale\u00bb, Fribourg)<\/span><\/p>\",\r\n            \"type\": \"text\"\r\n          },\r\n          {\r\n            \"cont\": \"<p class=\\\"_unica\\\" style=\\\"line-height: 0.9;\\\"><span style=\\\"font-size: 15px;\\\">Kurt Buchm\u00fcller <br \/>(f\u00fcr die Galerie \u00abKunst und Kultur\u00bb, Rothrist)<\/span><\/p>\",\r\n            \"type\": \"text\"\r\n          },\r\n          {\r\n            \"cont\": \"<p class=\\\"_unica\\\" style=\\\"line-height: 0.9;\\\"><span style=\\\"font-size: 15px;\\\">Martin Ed. Gerber <br \/>(f\u00fcr die \u00abGalerie Alte Schmiede\u00bb Uettligen)<\/span><\/p>\",\r\n            \"type\": \"text\"\r\n          }\r\n        ]\r\n      },\r\n      \"frameOverflow\": \"\",\r\n      \"dosync\": false,\r\n      \"absolute_position\": false\r\n    }\r\n  ]\r\n}","phonegrid":"{\r\n  \"colCount\": 12,\r\n  \"colGutter\": 1,\r\n  \"rowGutters\": [\r\n    \".2\",\r\n    \".2\",\r\n    \".2\"\r\n  ],\r\n  \"frameMargin\": 2,\r\n  \"topFrameMargin\": 0,\r\n  \"bottomFrameMargin\": 0,\r\n  \"rowAttrs\": [\r\n    {\r\n      \"bgimage\": {\r\n        \"attid\": 436,\r\n        \"url\": \"\/wp-content\/uploads\/2020\/03\/2020u25.jpg\",\r\n        \"sizes\": {\r\n          \"_1280\": {\r\n            \"w\": 1280,\r\n            \"h\": 1728,\r\n            \"url\": \"\/wp-content\/uploads\/2020\/03\/2020u25-1280x1728.jpg\"\r\n          },\r\n          \"_1024\": {\r\n            \"w\": 1024,\r\n            \"h\": 1382,\r\n            \"url\": \"\/wp-content\/uploads\/2020\/03\/2020u25-1024x1382.jpg\"\r\n          },\r\n          \"_768\": {\r\n            \"w\": 768,\r\n            \"h\": 1037,\r\n            \"url\": \"\/wp-content\/uploads\/2020\/03\/2020u25-768x1037.jpg\"\r\n          },\r\n          \"_512\": {\r\n            \"w\": 512,\r\n            \"h\": 691,\r\n            \"url\": \"\/wp-content\/uploads\/2020\/03\/2020u25-512x691.jpg\"\r\n          },\r\n          \"_265\": {\r\n            \"w\": 265,\r\n            \"h\": 358,\r\n            \"url\": \"\/wp-content\/uploads\/2020\/03\/2020u25-265x358.jpg\"\r\n          }\r\n        }\r\n      },\r\n      \"relid\": 9,\r\n      \"rowcustomheight\": \"20px\",\r\n      \"row100vh\": false\r\n    },\r\n    {\r\n      \"relid\": 11,\r\n      \"rowcustomheight\": \"150px\",\r\n      \"row100vh\": false\r\n    },\r\n    {\r\n      \"relid\": 12\r\n    },\r\n    {\r\n      \"relid\": 13\r\n    }\r\n  ],\r\n  \"bgColor\": null,\r\n  \"cont\": [\r\n    {\r\n      \"type\": \"elementgrid\",\r\n      \"cont\": \"\",\r\n      \"align\": \"bottom\",\r\n      \"row\": 2,\r\n      \"col\": 0,\r\n      \"colspan\": 12,\r\n      \"offsetx\": 0,\r\n      \"offsety\": 0,\r\n      \"spaceabove\": 0,\r\n      \"spacebelow\": 0,\r\n      \"yvel\": 1,\r\n      \"push\": 0,\r\n      \"relid\": 6,\r\n      \"config\": {\r\n        \"desktop\": {\r\n          \"colCount\": 3,\r\n          \"colGutter\": 1.5,\r\n          \"rowGutter\": 2\r\n        },\r\n        \"tablet\": {\r\n          \"colCount\": 2,\r\n          \"colGutter\": 1,\r\n          \"rowGutter\": 1\r\n        },\r\n        \"phone\": {\r\n          \"colCount\": 1,\r\n          \"colGutter\": 1,\r\n          \"rowGutter\": 15\r\n        },\r\n        \"layoutType\": \"top-aligned\",\r\n        \"elements\": [\r\n          {\r\n            \"cont\": \"<p class=\\\"_unikap\\\">\u00abEine frische Wendung nimmt die Ausstellung im Untergeschoss, wo der Bieler K\u00fcnstler Hanspeter Fiechter seine eigenartigen Aquarelle zeigt. In absolut ungew\u00f6hnlichen Bildausschnitten vermischt er resolute Gegenst\u00e4ndlichkeit mit bizarr abschweifenden, abstrakten Gesten. Ein Meister des Aquarells.\u00bb<br \/><br \/><\/p><p><span style=\\\"font-size: 15px;\\\">Katja Nau <br \/><\/span><span style=\\\"font-size: 15px;\\\">(f\u00fcr die \u00abGalerie bei der Kathedrale\u00bb, Fribourg)<\/span><\/p>\",\r\n            \"type\": \"text\"\r\n          },\r\n          {\r\n            \"cont\": \"<p class=\\\"_unikap\\\">\u00abDen Zeitgeist vergegenw\u00e4rtigt. - Das Werk des in Biel geborenen K\u00fcnstlers gr\u00fcndet auf der breit abgest\u00fctzten Laufbahn als Erwachsenenbildner, Lehrer, Kursleiter und Kunstp\u00e4dagoge. Seit 1989 f\u00fchrt er auch seine eigene Malschule. Ein Gang durch die Ausstellung offenbart Hanspeter Fiechters Vielseitigkeit. Aquarelle liessen nach eigener Sicht durch die Unz\u00e4hmbarkeit und Fl\u00fcchtigkeit des Wassers das Geahnte zur Einmaligkeit werden. Spurlos gehen diese Bilder am Betrachter nicht vor\u00fcber, weil darin im Gegenw\u00e4rtigen auch das Verg\u00e4ngliche eingebettet ist.\u00bb<br \/><br \/><\/p><p><span style=\\\"font-size: 15px;\\\">Kurt Buchm\u00fcller <br \/>(f\u00fcr die Galerie \u00abKunst und Kultur\u00bb, Rothrist)<\/span><\/p>\",\r\n            \"type\": \"text\"\r\n          },\r\n          {\r\n            \"cont\": \"<p class=\\\"_unikap\\\">\u00abSeit mehr als zwanzig Jahre verstehe ich die Botschaft von Hanspeter Fiechter. Anf\u00e4nglich war ich fasziniert von seiner pr\u00e4zisen Ausdrucksweise und von seinem Drang nach Perfektion. Die Kunst des Weglassens, die Beschr\u00e4nkung auf das Wesentliche sowie der Umgang mit Bewegung und Transparenz f\u00fchrten von der Schriftstellerei zur Poesie.\u00bb<br \/><br \/><\/p><p><span style=\\\"font-size: 15px;\\\">Martin Ed. Gerber <br \/>(f\u00fcr die \u00abGalerie Alte Schmiede\u00bb Uettligen)<\/span><\/p>\",\r\n            \"type\": \"text\"\r\n          }\r\n        ]\r\n      },\r\n      \"frameOverflow\": \"\",\r\n      \"dosync\": false,\r\n      \"absolute_position\": false\r\n    },\r\n    {\r\n      \"type\": \"stack\",\r\n      \"cont\": [],\r\n      \"align\": \"top\",\r\n      \"row\": 3,\r\n      \"col\": 0,\r\n      \"colspan\": 1,\r\n      \"offsetx\": 0,\r\n      \"offsety\": 0,\r\n      \"spaceabove\": 0,\r\n      \"spacebelow\": 11.5,\r\n      \"yvel\": 1,\r\n      \"push\": 0,\r\n      \"relid\": 8,\r\n      \"absolute_position\": false\r\n    }\r\n  ]\r\n}","_links":{"self":[{"href":"https:\/\/hanspeterfiechter.ch\/index.php?rest_route=\/wp\/v2\/pages\/447","targetHints":{"allow":["GET"]}}],"collection":[{"href":"https:\/\/hanspeterfiechter.ch\/index.php?rest_route=\/wp\/v2\/pages"}],"about":[{"href":"https:\/\/hanspeterfiechter.ch\/index.php?rest_route=\/wp\/v2\/types\/page"}],"author":[{"embeddable":true,"href":"https:\/\/hanspeterfiechter.ch\/index.php?rest_route=\/wp\/v2\/users\/1"}],"replies":[{"embeddable":true,"href":"https:\/\/hanspeterfiechter.ch\/index.php?rest_route=%2Fwp%2Fv2%2Fcomments&post=447"}],"version-history":[{"count":0,"href":"https:\/\/hanspeterfiechter.ch\/index.php?rest_route=\/wp\/v2\/pages\/447\/revisions"}],"wp:attachment":[{"href":"https:\/\/hanspeterfiechter.ch\/index.php?rest_route=%2Fwp%2Fv2%2Fmedia&parent=447"}],"curies":[{"name":"wp","href":"https:\/\/api.w.org\/{rel}","templated":true}]}}