{"id":449,"date":"2020-04-02T10:49:57","date_gmt":"2020-03-21T22:43:10","guid":{"rendered":"https:\/\/hanspeterfiechter.ch\/?page_id=449"},"modified":"2023-10-10T21:44:41","modified_gmt":"2023-10-10T19:44:41","slug":"footer-2-2-2-3-2","status":"publish","type":"page","link":"https:\/\/hanspeterfiechter.ch\/?page_id=449","title":{"rendered":"vita"},"content":{"rendered":"","protected":false},"excerpt":{"rendered":"","protected":false},"author":1,"featured_media":0,"parent":0,"menu_order":7,"comment_status":"closed","ping_status":"closed","template":"","meta":[],"class_list":["post-449","page","type-page","status-publish","hentry"],"grid":"{\r\n  \"colCount\": 30,\r\n  \"colGutter\": 1,\r\n  \"rowGutters\": [\r\n    0.2,\r\n    0.2,\r\n    0.2,\r\n    0.2\r\n  ],\r\n  \"frameMargin\": 1,\r\n  \"topFrameMargin\": 0,\r\n  \"bottomFrameMargin\": 1,\r\n  \"rowAttrs\": [\r\n    {\r\n      \"bgimage\": {\r\n        \"attid\": 437,\r\n        \"url\": \"\/wp-content\/uploads\/2020\/03\/2020N42.jpg\",\r\n        \"sizes\": {\r\n          \"_1280\": {\r\n            \"w\": 1280,\r\n            \"h\": 1737,\r\n            \"url\": \"\/wp-content\/uploads\/2020\/03\/2020N42-1280x1737.jpg\"\r\n          },\r\n          \"_1024\": {\r\n            \"w\": 1024,\r\n            \"h\": 1390,\r\n            \"url\": \"\/wp-content\/uploads\/2020\/03\/2020N42-1024x1390.jpg\"\r\n          },\r\n          \"_768\": {\r\n            \"w\": 768,\r\n            \"h\": 1042,\r\n            \"url\": \"\/wp-content\/uploads\/2020\/03\/2020N42-768x1042.jpg\"\r\n          },\r\n          \"_512\": {\r\n            \"w\": 512,\r\n            \"h\": 695,\r\n            \"url\": \"\/wp-content\/uploads\/2020\/03\/2020N42-512x695.jpg\"\r\n          },\r\n          \"_265\": {\r\n            \"w\": 265,\r\n            \"h\": 360,\r\n            \"url\": \"\/wp-content\/uploads\/2020\/03\/2020N42-265x360.jpg\"\r\n          }\r\n        }\r\n      },\r\n      \"row100vh\": false,\r\n      \"rowcustomheight\": \"25px\",\r\n      \"relid\": 1\r\n    },\r\n    {\r\n      \"row100vh\": false,\r\n      \"rowcustomheight\": \"200px\",\r\n      \"relid\": 2\r\n    },\r\n    {\r\n      \"relid\": 3\r\n    },\r\n    {\r\n      \"relid\": 4\r\n    },\r\n    {\r\n      \"bgimage\": {\r\n        \"attid\": 436,\r\n        \"url\": \"\/wp-content\/uploads\/2020\/03\/2020u25.jpg\",\r\n        \"sizes\": {\r\n          \"_1280\": {\r\n            \"w\": 1280,\r\n            \"h\": 1728,\r\n            \"url\": \"\/wp-content\/uploads\/2020\/03\/2020u25-1280x1728.jpg\"\r\n          },\r\n          \"_1024\": {\r\n            \"w\": 1024,\r\n            \"h\": 1382,\r\n            \"url\": \"\/wp-content\/uploads\/2020\/03\/2020u25-1024x1382.jpg\"\r\n          },\r\n          \"_768\": {\r\n            \"w\": 768,\r\n            \"h\": 1037,\r\n            \"url\": \"\/wp-content\/uploads\/2020\/03\/2020u25-768x1037.jpg\"\r\n          },\r\n          \"_512\": {\r\n            \"w\": 512,\r\n            \"h\": 691,\r\n            \"url\": \"\/wp-content\/uploads\/2020\/03\/2020u25-512x691.jpg\"\r\n          },\r\n          \"_265\": {\r\n            \"w\": 265,\r\n            \"h\": 358,\r\n            \"url\": \"\/wp-content\/uploads\/2020\/03\/2020u25-265x358.jpg\"\r\n          }\r\n        }\r\n      },\r\n      \"relid\": 7\r\n    }\r\n  ],\r\n  \"bgColor\": \"#ffffff\",\r\n  \"cont\": [\r\n    {\r\n      \"type\": \"img\",\r\n      \"cont\": \"\/wp-content\/uploads\/2022\/01\/2018-M.jpg\",\r\n      \"align\": \"top\",\r\n      \"row\": 2,\r\n      \"col\": 0,\r\n      \"colspan\": 10,\r\n      \"offsetx\": 0,\r\n      \"offsety\": 0,\r\n      \"spaceabove\": 0,\r\n      \"spacebelow\": 0,\r\n      \"yvel\": 1,\r\n      \"push\": 0,\r\n      \"relid\": 1847,\r\n      \"attid\": 699,\r\n      \"sizes\": {\r\n        \"full\": \"\/wp-content\/uploads\/2022\/01\/2018-M.jpg\",\r\n        \"_1280\": \"\/wp-content\/uploads\/2022\/01\/2018-M-1280x2035.jpg\",\r\n        \"_1024\": \"\/wp-content\/uploads\/2022\/01\/2018-M-1024x1628.jpg\",\r\n        \"_768\": \"\/wp-content\/uploads\/2022\/01\/2018-M-768x1221.jpg\",\r\n        \"_512\": \"\/wp-content\/uploads\/2022\/01\/2018-M-512x814.jpg\",\r\n        \"_265\": \"\/wp-content\/uploads\/2022\/01\/2018-M-265x421.jpg\"\r\n      },\r\n      \"w\": 1730,\r\n      \"h\": 2751,\r\n      \"ar\": 1.5901734104046243,\r\n      \"alt\": \"\",\r\n      \"frameOverflow\": \"\",\r\n      \"absolute_position\": false\r\n    },\r\n    {\r\n      \"type\": \"text\",\r\n      \"cont\": \"<p class=\\\"_unikap\\\" style=\\\"line-height: 1.1;\\\">hanspeter fiechter wird 1952 in biel-bienne geboren. in seinen letzten zwei jahren am progymnasium ist heinz-peter kohler sein lehrer im gestalten. durch ihn entdeckt er die besonderheit des aquarells, was ihn nachhaltig pr\u00e4gt.\u00a0<br \/><br \/>nach seiner ausbildung zum lehrer unterrichtet er fortan mit schwerpunkt gestalten.<\/p><p class=\\\"_unikap\\\" style=\\\"line-height: 1.1;\\\">1974 folgt seine erste ausstellung.\u00a0<br \/><br \/>1975 die stadt biel t\u00e4tigt zwei ank\u00e4ufe.\u00a0<br \/><br \/>er organisiert weitere ausstellungen mit engagierten aquarellierenden des kantons bern.<\/p><p class=\\\"_unikap\\\" style=\\\"line-height: 1.1;\\\">\u00a0<\/p><p class=\\\"_unikap\\\" style=\\\"line-height: 1.1;\\\">1976\u20131977 stu\u00addien\u00adauf\u00adent\u00adhalte in florenz und in den usa, mit gleichzeitiger lehrt\u00e4tigkeit und einer umfassenden reise. begegnungen mit diversen kunstschaffenden pr\u00e4gen ihn nachhaltig.\u00a0er unternimmt seine erste nordafrikareise, zusammen mit dem aquarellisten p.r. riniker. hier begegnet er den spuren von klee, macke, moillet (tunisreise1914).\u00a0<br \/><br \/>er l\u00e4sst sich im berner oberland nieder, sp\u00e4ter im berner mittelland.<\/p><p class=\\\"_unikap\\\" style=\\\"line-height: 1.1;\\\">1979 heirat und geburt des ersten kindes.\u00a0<br \/><br \/>1980-1981 folgt ein zweij\u00e4hriger beruflicher aufenthalt in algerien mit der familie.\u00a0hier entstehen die ersten grossformate. durch intensives, vertieftes arbeiten entwickelt er seinen eigenen stil.<\/p><p class=\\\"_unikap\\\" style=\\\"line-height: 1.1;\\\">\u00a0<\/p><p class=\\\"_unikap\\\" style=\\\"line-height: 1.1;\\\">nach einem jahr berufst\u00e4tigkeit in z\u00fcrich kehrt er in den kanton bern zur\u00fcck und wird\u00a0<br \/>1982 zum zweiten mal vater.\u00a0<br \/><br \/>es folgen diverse ausstellungen im in- und ausland sowie lehrt\u00e4tigkeiten, unter anderem an der berner volkshochschule und an diversen kunstschulen.<br \/><br \/>ab 1982 leitet er diverse malkurse im in- und ausland.\u00a0<\/p><p class=\\\"_unikap\\\" style=\\\"line-height: 1.1;\\\">\u00a0<\/p>\",\r\n      \"align\": \"top\",\r\n      \"row\": 2,\r\n      \"col\": 10,\r\n      \"colspan\": 10,\r\n      \"offsetx\": 0,\r\n      \"offsety\": 0,\r\n      \"spaceabove\": 0,\r\n      \"spacebelow\": 0,\r\n      \"yvel\": 1,\r\n      \"push\": 0,\r\n      \"relid\": 8,\r\n      \"html_id\": \"lebenslauf\",\r\n      \"dosync\": false,\r\n      \"frameOverflow\": \"\",\r\n      \"absolute_position\": false\r\n    },\r\n    {\r\n      \"type\": \"text\",\r\n      \"cont\": \"<p class=\\\"_unikap\\\" style=\\\"line-height: 1.1;\\\">1989 gr\u00fcndet er in b\u00e4tterkinden seine eigene malschule, die er sp\u00e4ter (inklusive eigener galerie) in zollikofen weiterf\u00fchrt.\u00a0<br \/><br \/>sein haupt\u00ads\u00e4ch\u00adliches aus\u00addrucks\u00adgebiet bleibt das aquarell. bedeutung haben aber auch\u00a0der druck, die zeichnung, acryl, oel, photopeinture, fotographie, kalligraphie.<\/p><p class=\\\"_unikap\\\" style=\\\"line-height: 1.1;\\\">\u00a0<\/p><p class=\\\"_unikap\\\" style=\\\"line-height: 1.1;\\\">1998 schliesst er die eid\u00adge\u00adn\u00f6s\u00adsi\u00adsche er\u00adwachsenen\u00adbildung mit dem diplom bse ab.\u00a0<br \/><br \/>die n\u00e4chsten 20 jahre malt er regelm\u00e4ssig in seinem zweiten atelier in s\u00fcdfrankreich.<br \/><br \/>es folgen diverse ge\u00adstal\u00adtungs\u00adauf\u00adtr\u00e4ge f\u00fcr institutionen (z.b. f\u00fcr das srk, f\u00fcr das festival international du court-m\u00e9trage la ciotat, f, cd-covers u.a.) sowie workshops am kunstmuseum bern.<\/p><p class=\\\"_unikap\\\" style=\\\"line-height: 1.1;\\\">\u00a0<\/p><p class=\\\"_unikap\\\" style=\\\"line-height: 1.1;\\\">2006 bis 2016 unterrichtet er an der schule f\u00fcr gestaltung bern.\u00a0<br \/><br \/>2014 begleitet er als maler eine reise in die antarktis. diese reise er\u00f6ffnet ihm nochmals weitere, ungeahnte m\u00f6glichkeiten in seiner haupttechnik, dem aquarell.<\/p><p class=\\\"_unikap\\\" style=\\\"line-height: 1.1;\\\">\u00a0<\/p><p class=\\\"_unikap\\\" style=\\\"line-height: 1.1;\\\">2016 leitet er an der unsam (universidad de san mart\u00edn, buenos aires) ein intensives seminar.\u00a0<br \/><br \/>seit fr\u00fchling 2019 wohnt und arbeitet er in seinem neuen atelier in m\u00fcn\u00adchen\u00adbuch\u00adsee.<\/p>\",\r\n      \"align\": \"top\",\r\n      \"row\": 2,\r\n      \"col\": 20,\r\n      \"colspan\": 10,\r\n      \"offsetx\": 0,\r\n      \"offsety\": 0,\r\n      \"spaceabove\": 0,\r\n      \"spacebelow\": 0,\r\n      \"yvel\": 1,\r\n      \"push\": 0,\r\n      \"relid\": 6,\r\n      \"frameOverflow\": \"\",\r\n      \"absolute_position\": false\r\n    },\r\n    {\r\n      \"type\": \"stack\",\r\n      \"cont\": [],\r\n      \"align\": \"top\",\r\n      \"row\": 4,\r\n      \"col\": 29,\r\n      \"colspan\": 1,\r\n      \"offsetx\": 0,\r\n      \"offsety\": 0,\r\n      \"spaceabove\": 0,\r\n      \"spacebelow\": 7,\r\n      \"yvel\": 1,\r\n      \"push\": 29,\r\n      \"relid\": 11,\r\n      \"frameOverflow\": \"\",\r\n      \"absolute_position\": false\r\n    }\r\n  ]\r\n}","phonegrid":"{\r\n  \"colCount\": 12,\r\n  \"colGutter\": 2,\r\n  \"rowGutters\": [\r\n    \"0.2\",\r\n    \"0.2\",\r\n    \"0.2\"\r\n  ],\r\n  \"frameMargin\": 2,\r\n  \"topFrameMargin\": 0,\r\n  \"bottomFrameMargin\": 0,\r\n  \"rowAttrs\": [\r\n    {\r\n      \"bgimage\": {\r\n        \"attid\": 437,\r\n        \"url\": \"\/wp-content\/uploads\/2020\/03\/2020N42.jpg\",\r\n        \"sizes\": {\r\n          \"_1280\": {\r\n            \"w\": 1280,\r\n            \"h\": 1737,\r\n            \"url\": \"\/wp-content\/uploads\/2020\/03\/2020N42-1280x1737.jpg\"\r\n          },\r\n          \"_1024\": {\r\n            \"w\": 1024,\r\n            \"h\": 1390,\r\n            \"url\": \"\/wp-content\/uploads\/2020\/03\/2020N42-1024x1390.jpg\"\r\n          },\r\n          \"_768\": {\r\n            \"w\": 768,\r\n            \"h\": 1042,\r\n            \"url\": \"\/wp-content\/uploads\/2020\/03\/2020N42-768x1042.jpg\"\r\n          },\r\n          \"_512\": {\r\n            \"w\": 512,\r\n            \"h\": 695,\r\n            \"url\": \"\/wp-content\/uploads\/2020\/03\/2020N42-512x695.jpg\"\r\n          },\r\n          \"_265\": {\r\n            \"w\": 265,\r\n            \"h\": 360,\r\n            \"url\": \"\/wp-content\/uploads\/2020\/03\/2020N42-265x360.jpg\"\r\n          }\r\n        }\r\n      },\r\n      \"relid\": 9,\r\n      \"rowcustomheight\": \"20px\",\r\n      \"row100vh\": false\r\n    },\r\n    {\r\n      \"relid\": 12,\r\n      \"rowcustomheight\": \"150px\",\r\n      \"row100vh\": false\r\n    },\r\n    {\r\n      \"relid\": 13\r\n    },\r\n    {\r\n      \"relid\": 15\r\n    }\r\n  ],\r\n  \"bgColor\": null,\r\n  \"cont\": [\r\n    {\r\n      \"type\": \"text\",\r\n      \"cont\": \"<p class=\\\"_unikap\\\">hanspeter fiechter ist 1952 in biel-bienne geboren. in seinen letzten zwei jahren am progymnasium ist heinz-peter kohler sein lehrer im gestalten. durch ihn entdeckt er die besonderheit des aquarells, was ihn nachhaltig pr\u00e4gt.\u00a0nach seiner ausbildung zum lehrer unterrichtet er fortan mit schwerpunkt gestalten.<\/p><p class=\\\"_unikap\\\">\u00a0<\/p><p class=\\\"_unikap\\\">1974 folgt seine erste ausstellung.\u00a01975 die stadt biel t\u00e4tigt zwei ank\u00e4ufe.\u00a0er organisiert weitere ausstellungen mit engagierten aquarellierenden des kantons bern.<\/p><p class=\\\"_unikap\\\">\u00a0<\/p><p class=\\\"_unikap\\\">1976\u20131977 stu\u00addien\u00adauf\u00adent\u00adhalte in florenz und in den usa, mit gleichzeitiger lehrt\u00e4tigkeit und einer umfassenden reise. begegnungen mit diversen kunstschaffenden pr\u00e4gen ihn nachhaltig.\u00a0er unternimmt seine erste nordafrikareise, zusammen mit dem aquarellisten p.r. riniker. hier begegnet er den spuren von klee, macke, moillet (tunisreise1914).\u00a0er l\u00e4sst sich im berner oberland nieder, sp\u00e4ter im berner mittelland.<\/p><p class=\\\"_unikap\\\">\u00a0<\/p><p class=\\\"_unikap\\\">1979 heirat und geburt des ersten kindes.\u00a01980-1981 folgt ein zweij\u00e4hriger beruflicher aufenthalt in algerien mit der familie.\u00a0hier entstehen die ersten grossformate. durch intensives, vertieftes arbeiten entwickelt er seinen eigenen stil.<\/p><p class=\\\"_unikap\\\">\u00a0<\/p><p class=\\\"_unikap\\\">nach einem jahr berufst\u00e4tigkeit in z\u00fcrich kehrt er in den kanton bern zur\u00fcck und wird\u00a01982 zum zweiten mal vater.\u00a0es folgen diverse ausstellungen im in- und ausland sowie lehrt\u00e4tigkeiten, unter anderem an der berner volkshochschule und an diversen kunstschulen.<\/p><p class=\\\"_unikap\\\">\u00a0<\/p>\",\r\n      \"align\": \"bottom\",\r\n      \"row\": 2,\r\n      \"col\": 0,\r\n      \"colspan\": 12,\r\n      \"offsetx\": 0,\r\n      \"offsety\": 0,\r\n      \"spaceabove\": 0,\r\n      \"spacebelow\": 0,\r\n      \"yvel\": 1,\r\n      \"push\": 0,\r\n      \"relid\": 8,\r\n      \"html_id\": \"lebenslauf\",\r\n      \"frameOverflow\": \"\",\r\n      \"dosync\": false,\r\n      \"absolute_position\": false\r\n    },\r\n    {\r\n      \"type\": \"stack\",\r\n      \"cont\": [],\r\n      \"align\": \"top\",\r\n      \"row\": 3,\r\n      \"col\": 0,\r\n      \"colspan\": 2,\r\n      \"offsetx\": 0,\r\n      \"offsety\": 0,\r\n      \"spaceabove\": 0,\r\n      \"spacebelow\": 11.5,\r\n      \"yvel\": 1,\r\n      \"push\": 0,\r\n      \"relid\": 14,\r\n      \"absolute_position\": false\r\n    }\r\n  ]\r\n}","_links":{"self":[{"href":"https:\/\/hanspeterfiechter.ch\/index.php?rest_route=\/wp\/v2\/pages\/449","targetHints":{"allow":["GET"]}}],"collection":[{"href":"https:\/\/hanspeterfiechter.ch\/index.php?rest_route=\/wp\/v2\/pages"}],"about":[{"href":"https:\/\/hanspeterfiechter.ch\/index.php?rest_route=\/wp\/v2\/types\/page"}],"author":[{"embeddable":true,"href":"https:\/\/hanspeterfiechter.ch\/index.php?rest_route=\/wp\/v2\/users\/1"}],"replies":[{"embeddable":true,"href":"https:\/\/hanspeterfiechter.ch\/index.php?rest_route=%2Fwp%2Fv2%2Fcomments&post=449"}],"version-history":[{"count":0,"href":"https:\/\/hanspeterfiechter.ch\/index.php?rest_route=\/wp\/v2\/pages\/449\/revisions"}],"wp:attachment":[{"href":"https:\/\/hanspeterfiechter.ch\/index.php?rest_route=%2Fwp%2Fv2%2Fmedia&parent=449"}],"curies":[{"name":"wp","href":"https:\/\/api.w.org\/{rel}","templated":true}]}}